{"id":27,"date":"2024-08-19T16:53:14","date_gmt":"2024-08-19T16:53:14","guid":{"rendered":"https:\/\/brilhoeterno.pt\/home\/index.php\/home\/"},"modified":"2025-03-10T12:26:55","modified_gmt":"2025-03-10T12:26:55","slug":"home","status":"publish","type":"page","link":"https:\/\/brilhoeterno.pt\/","title":{"rendered":""},"content":{"rendered":"\n<!-- Google tag (gtag.js) -->\n<script async src=\"https:\/\/www.googletagmanager.com\/gtag\/js?id=AW-11427883800\"><\/script>\n<script>\n  window.dataLayer = window.dataLayer || [];\n  function gtag(){dataLayer.push(arguments);}\n  gtag('js', new Date());\n\n  gtag('config', 'AW-11427883800');\n<\/script>\n\n\n\n<div style=\"height:70px\" aria-hidden=\"true\" class=\"wp-block-spacer\"><\/div>\n\n\n\n<div class=\"wp-block-columns is-layout-flex wp-container-core-columns-is-layout-28f84493 wp-block-columns-is-layout-flex\">\n<div class=\"wp-block-column is-layout-flow wp-block-column-is-layout-flow\">\n<div id=\"wp-block-themeisle-blocks-flip-8c1d18e4\" class=\"wp-block-themeisle-blocks-flip anim flipY has-dark-front-bg has-light-back-bg\"><div class=\"o-flip-inner\"><div class=\"o-flip-front\"><div class=\"o-flip-content\"><img decoding=\"async\" class=\"o-img\" src=\"https:\/\/brilhoeterno.pt\/wp-content\/uploads\/2024\/08\/ICONS-2.png\" srcset=\"https:\/\/brilhoeterno.pt\/wp-content\/uploads\/2024\/08\/ICONS-2.png\" alt=\"\"\/><h3><br>Funerais<\/h3><p><\/p><\/div><\/div><div class=\"o-flip-back\">\n<h3 class=\"wp-block-heading has-text-color has-link-color wp-elements-e4776346b8cee9b0bc576246bed2712f\" style=\"color:#2b3990\">Funerais<\/h3>\n\n\n\n<p class=\"has-tertiary-color has-text-color has-link-color has-x-small-font-size wp-elements-c815f99534c375ac9199e71646f8bc07\" style=\"padding-top:0;padding-right:0;padding-bottom:0;padding-left:0\">A Brilho Eterno | Funer\u00e1ria de Corroios presta aos seus clientes m\u00faltiplos servi\u00e7os, nomeadamente funerais, para crema\u00e7\u00e3o, sepultura e jazigo.&nbsp; Em todos estes casos, garantimos absoluto profissionalismo e proporcionamos sempre um trabalho de qualidade que vai ao encontro das necessidades dos familiares.<\/p>\n<\/div><\/div><\/div>\n<\/div>\n\n\n\n<div class=\"wp-block-column is-layout-flow wp-block-column-is-layout-flow\">\n<div id=\"wp-block-themeisle-blocks-flip-8c2d9716\" class=\"wp-block-themeisle-blocks-flip anim flipY has-dark-front-bg\"><div class=\"o-flip-inner\"><div class=\"o-flip-front\"><div class=\"o-flip-content\"><img decoding=\"async\" class=\"o-img\" src=\"https:\/\/brilhoeterno.pt\/wp-content\/uploads\/2024\/08\/ICONS-02.png\" srcset=\"https:\/\/brilhoeterno.pt\/wp-content\/uploads\/2024\/08\/ICONS-02.png\" alt=\"\"\/><h3><br>Apoio ao Luto<\/h3><p><\/p><\/div><\/div><div class=\"o-flip-back\">\n<h3 class=\"wp-block-heading has-text-color has-link-color wp-elements-848a9b238926cc93dc258f8530fa1bca\" style=\"color:#2b3990\">Apoio ao Luto<\/h3>\n\n\n\n<p class=\"has-tertiary-color has-text-color has-link-color has-x-small-font-size wp-elements-33562b002e6cc035a0f92f08c47ea045\">A partida de um membro da fam\u00edlia ou de algu\u00e9m que conhecemos e amamos, mesmo que esperada, \u00e9 chocante e dolorosa. A nossa miss\u00e3o e prioridade centram-se nos momentos mais dif\u00edceis da vida para dar apoio incondicional aos familiares. Para tal, al\u00e9m de contar com a nossa equipa, dispomos tamb\u00e9m de psic\u00f3logo que o acompanhar\u00e1 nas diversas fases do luto.<\/p>\n<\/div><\/div><\/div>\n<\/div>\n\n\n\n<div class=\"wp-block-column is-layout-flow wp-block-column-is-layout-flow\">\n<div id=\"wp-block-themeisle-blocks-flip-cd6ad373\" class=\"wp-block-themeisle-blocks-flip anim flipY has-dark-front-bg\"><div class=\"o-flip-inner\"><div class=\"o-flip-front\"><div class=\"o-flip-content\"><img decoding=\"async\" class=\"o-img\" src=\"https:\/\/brilhoeterno.pt\/wp-content\/uploads\/2024\/08\/ICONS-03.png\" srcset=\"https:\/\/brilhoeterno.pt\/wp-content\/uploads\/2024\/08\/ICONS-03.png\" alt=\"\"\/><h3><br>Florista<\/h3><p><\/p><\/div><\/div><div class=\"o-flip-back\">\n<h3 class=\"wp-block-heading has-text-color has-link-color wp-elements-eb08eb6ed17f26e5ad306aa98c0f5902\" style=\"color:#2b3990\">Florista<\/h3>\n\n\n\n<p class=\"has-tertiary-color has-text-color has-link-color has-x-small-font-size wp-elements-598bed7cf5793f260f40466c8df115d8\">Na Brilho Eterno | Funer\u00e1ria de Corroios encontra o arranjo floral ao seu gosto para homenagear o seu ente querido.Consulte-nos para mais informa\u00e7\u00f5es acerca do nosso servi\u00e7o de florista.<\/p>\n<\/div><\/div><\/div>\n<\/div>\n<\/div>\n\n\n\n<div style=\"height:100px\" aria-hidden=\"true\" class=\"wp-block-spacer\"><\/div>\n\n\n\n<!-- Event snippet for Website lead conversion page -->\n<script>\n  gtag('event', 'conversion', {'send_to': 'AW-11427883800\/9f3lCJWoz6gaEJjWnskq'});\n<\/script>\n\n","protected":false},"excerpt":{"rendered":"","protected":false},"author":1,"featured_media":0,"parent":0,"menu_order":0,"comment_status":"closed","ping_status":"closed","template":"","meta":{"_themeisle_gutenberg_block_has_review":false,"footnotes":""},"class_list":["post-27","page","type-page","status-publish","hentry"],"_links":{"self":[{"href":"https:\/\/brilhoeterno.pt\/index.php\/wp-json\/wp\/v2\/pages\/27","targetHints":{"allow":["GET"]}}],"collection":[{"href":"https:\/\/brilhoeterno.pt\/index.php\/wp-json\/wp\/v2\/pages"}],"about":[{"href":"https:\/\/brilhoeterno.pt\/index.php\/wp-json\/wp\/v2\/types\/page"}],"author":[{"embeddable":true,"href":"https:\/\/brilhoeterno.pt\/index.php\/wp-json\/wp\/v2\/users\/1"}],"replies":[{"embeddable":true,"href":"https:\/\/brilhoeterno.pt\/index.php\/wp-json\/wp\/v2\/comments?post=27"}],"version-history":[{"count":25,"href":"https:\/\/brilhoeterno.pt\/index.php\/wp-json\/wp\/v2\/pages\/27\/revisions"}],"predecessor-version":[{"id":262,"href":"https:\/\/brilhoeterno.pt\/index.php\/wp-json\/wp\/v2\/pages\/27\/revisions\/262"}],"wp:attachment":[{"href":"https:\/\/brilhoeterno.pt\/index.php\/wp-json\/wp\/v2\/media?parent=27"}],"curies":[{"name":"wp","href":"https:\/\/api.w.org\/{rel}","templated":true}]}}